{"id":6,"date":"2026-04-04T06:06:48","date_gmt":"2026-04-04T06:06:48","guid":{"rendered":"http:\/\/www.studioamghar-modelisme-equin.fr\/?page_id=6"},"modified":"2026-04-04T06:53:26","modified_gmt":"2026-04-04T06:53:26","slug":"acceuil","status":"publish","type":"page","link":"https:\/\/www.studioamghar-modelisme-equin.fr\/","title":{"rendered":"Mod\u00e9lisme \u00c9quin : entre R\u00e9alisme et Sensibilit\u00e9"},"content":{"rendered":"\n<figure class=\"wp-block-image size-full is-resized has-custom-border\" style=\"margin-top:var(--wp--preset--spacing--40);margin-right:var(--wp--preset--spacing--50);margin-bottom:var(--wp--preset--spacing--40);margin-left:var(--wp--preset--spacing--50)\"><img loading=\"lazy\" decoding=\"async\" width=\"1800\" height=\"1281\" src=\"http:\/\/www.studioamghar-modelisme-equin.fr\/wp-content\/uploads\/2026\/04\/IMG_1275.webp\" alt=\"Artiste Mod\u00e9lisme \u00c9quin , peinture r\u00e9aliste\" class=\"wp-image-12\" style=\"border-style:none;border-width:0px;border-top-left-radius:0px;border-top-right-radius:0px;border-bottom-left-radius:0px;border-bottom-right-radius:0px;width:1600px\" srcset=\"https:\/\/www.studioamghar-modelisme-equin.fr\/wp-content\/uploads\/2026\/04\/IMG_1275.webp 1800w, https:\/\/www.studioamghar-modelisme-equin.fr\/wp-content\/uploads\/2026\/04\/IMG_1275-300x214.webp 300w, https:\/\/www.studioamghar-modelisme-equin.fr\/wp-content\/uploads\/2026\/04\/IMG_1275-1024x729.webp 1024w, https:\/\/www.studioamghar-modelisme-equin.fr\/wp-content\/uploads\/2026\/04\/IMG_1275-768x547.webp 768w, https:\/\/www.studioamghar-modelisme-equin.fr\/wp-content\/uploads\/2026\/04\/IMG_1275-1536x1093.webp 1536w\" sizes=\"auto, (max-width: 1800px) 100vw, 1800px\" \/><\/figure>\n\n\n<h2 class=\"wp-block-post-title\">Mod\u00e9lisme \u00c9quin : entre R\u00e9alisme et Sensibilit\u00e9<\/h2>\n\n\n<p><em>Artiste en mod\u00e9lisme \u00e9quin sp\u00e9cialis\u00e9 dans la peinture de chevaux miniatures<\/em><\/p>\n\n\n\n<p>Chaque mod\u00e8le est peint \u00e0 la main, avec le temps n\u00e9cessaire pour observer, corriger, affiner et faire \u00e9merger l\u2019expression juste \u2014 celle qui laisse appara\u00eetre la personnalit\u00e9 du cheval, dans la robe comme dans le regard, jusqu\u2019\u00e0 laisser jaillir cette \u00e9tincelle qui lui donne vie.<\/p>\n","protected":false},"excerpt":{"rendered":"<p>Artiste en mod\u00e9lisme \u00e9quin sp\u00e9cialis\u00e9 dans la peinture de chevaux miniatures Chaque mod\u00e8le est peint \u00e0 la main, avec le temps n\u00e9cessaire pour observer, corriger, affiner et faire \u00e9merger l\u2019expression juste \u2014 celle qui laisse appara\u00eetre la personnalit\u00e9 du cheval, dans la robe comme dans le regard, jusqu\u2019\u00e0 laisser jaillir cette \u00e9tincelle qui lui donne&#8230;<\/p>\n","protected":false},"author":1,"featured_media":0,"parent":0,"menu_order":0,"comment_status":"closed","ping_status":"closed","template":"","meta":{"_kad_post_transparent":"","_kad_post_title":"","_kad_post_layout":"","_kad_post_sidebar_id":"","_kad_post_content_style":"","_kad_post_vertical_padding":"","_kad_post_feature":"","_kad_post_feature_position":"","_kad_post_header":false,"_kad_post_footer":false,"_kad_post_classname":"","footnotes":""},"class_list":["post-6","page","type-page","status-publish","hentry"],"_links":{"self":[{"href":"https:\/\/www.studioamghar-modelisme-equin.fr\/index.php\/wp-json\/wp\/v2\/pages\/6","targetHints":{"allow":["GET"]}}],"collection":[{"href":"https:\/\/www.studioamghar-modelisme-equin.fr\/index.php\/wp-json\/wp\/v2\/pages"}],"about":[{"href":"https:\/\/www.studioamghar-modelisme-equin.fr\/index.php\/wp-json\/wp\/v2\/types\/page"}],"author":[{"embeddable":true,"href":"https:\/\/www.studioamghar-modelisme-equin.fr\/index.php\/wp-json\/wp\/v2\/users\/1"}],"replies":[{"embeddable":true,"href":"https:\/\/www.studioamghar-modelisme-equin.fr\/index.php\/wp-json\/wp\/v2\/comments?post=6"}],"version-history":[{"count":7,"href":"https:\/\/www.studioamghar-modelisme-equin.fr\/index.php\/wp-json\/wp\/v2\/pages\/6\/revisions"}],"predecessor-version":[{"id":15,"href":"https:\/\/www.studioamghar-modelisme-equin.fr\/index.php\/wp-json\/wp\/v2\/pages\/6\/revisions\/15"}],"wp:attachment":[{"href":"https:\/\/www.studioamghar-modelisme-equin.fr\/index.php\/wp-json\/wp\/v2\/media?parent=6"}],"curies":[{"name":"wp","href":"https:\/\/api.w.org\/{rel}","templated":true}]}}